{"id":64,"date":"2023-11-13T18:52:49","date_gmt":"2023-11-13T17:52:49","guid":{"rendered":"https:\/\/datatek.ai\/?page_id=64"},"modified":"2023-11-13T18:53:57","modified_gmt":"2023-11-13T17:53:57","slug":"cgv","status":"publish","type":"page","link":"https:\/\/datatek.ai\/index.php\/cgv\/","title":{"rendered":"Conditions d&rsquo;utilisation et termes de confidentialit\u00e9"},"content":{"rendered":"\n\n\t<p><strong>Conditions d&rsquo;Utilisation et Politique de Confidentialit\u00e9<\/strong><\/p>\n<p>En utilisant ce formulaire de contact, vous acceptez que Datatek collecte et traite vos donn\u00e9es personnelles fournies dans ce formulaire dans le but de r\u00e9pondre \u00e0 votre demande. Conform\u00e9ment au R\u00e8glement G\u00e9n\u00e9ral sur la Protection des Donn\u00e9es (RGPD), nous nous engageons \u00e0 assurer la s\u00e9curit\u00e9 et la confidentialit\u00e9 de vos donn\u00e9es personnelles. Vos informations seront conserv\u00e9es pour une dur\u00e9e qui n&rsquo;exc\u00e8de pas celle n\u00e9cessaire aux fins pour lesquelles elles sont trait\u00e9es, et ne seront pas partag\u00e9es avec des tiers sans votre consentement explicite, sauf si requis par la loi. Vous disposez d&rsquo;un droit d&rsquo;acc\u00e8s, de rectification, d&rsquo;effacement, de limitation, d&rsquo;opposition et de portabilit\u00e9 concernant vos donn\u00e9es. Pour exercer ces droits ou pour toute question relative \u00e0 la gestion de vos donn\u00e9es, veuillez nous contacter gr\u00e2ce \u00e0 ce formulaire. En soumettant ce formulaire, vous confirmez avoir lu et accept\u00e9 ces conditions, si ce n&rsquo;est pas le cas, mentionnez-le dans votre message.<\/p>\n\n","protected":false},"excerpt":{"rendered":"<p>Conditions d&rsquo;Utilisation et Politique de Confidentialit\u00e9 En utilisant ce formulaire de contact, vous acceptez que Datatek collecte et traite vos donn\u00e9es personnelles fournies dans ce formulaire dans le but de r\u00e9pondre \u00e0 votre demande. Conform\u00e9ment au R\u00e8glement G\u00e9n\u00e9ral sur la Protection des Donn\u00e9es (RGPD), nous nous engageons \u00e0 assurer la s\u00e9curit\u00e9 et la confidentialit\u00e9 de [&hellip;]<\/p>\n","protected":false},"author":1,"featured_media":0,"parent":0,"menu_order":0,"comment_status":"closed","ping_status":"closed","template":"","meta":{"footnotes":""},"_links":{"self":[{"href":"https:\/\/datatek.ai\/index.php\/wp-json\/wp\/v2\/pages\/64"}],"collection":[{"href":"https:\/\/datatek.ai\/index.php\/wp-json\/wp\/v2\/pages"}],"about":[{"href":"https:\/\/datatek.ai\/index.php\/wp-json\/wp\/v2\/types\/page"}],"author":[{"embeddable":true,"href":"https:\/\/datatek.ai\/index.php\/wp-json\/wp\/v2\/users\/1"}],"replies":[{"embeddable":true,"href":"https:\/\/datatek.ai\/index.php\/wp-json\/wp\/v2\/comments?post=64"}],"version-history":[{"count":3,"href":"https:\/\/datatek.ai\/index.php\/wp-json\/wp\/v2\/pages\/64\/revisions"}],"predecessor-version":[{"id":67,"href":"https:\/\/datatek.ai\/index.php\/wp-json\/wp\/v2\/pages\/64\/revisions\/67"}],"wp:attachment":[{"href":"https:\/\/datatek.ai\/index.php\/wp-json\/wp\/v2\/media?parent=64"}],"curies":[{"name":"wp","href":"https:\/\/api.w.org\/{rel}","templated":true}]}}