{"id":11,"date":"2023-11-10T15:08:48","date_gmt":"2023-11-10T14:08:48","guid":{"rendered":"https:\/\/datatek.ai\/?page_id=11"},"modified":"2026-02-27T09:07:52","modified_gmt":"2026-02-27T08:07:52","slug":"home","status":"publish","type":"page","link":"https:\/\/datatek.ai\/","title":{"rendered":"Home"},"content":{"rendered":"\n<h1>\n\t\tL&rsquo;IA qui dialogue avec vos documents\n\t<\/h1>\n\t<p>L&rsquo;intelligence artificielle au service de votre communication interne<\/p>\n\t\t\t<a href=\"https:\/\/datatek.ai\/index.php\/contact\/\" target=\"_self\" rel=\"noopener\">\n\t\t\t\t\t\t\tObtenir une d\u00e9monstration gratuite avec vos documents\n\t\t\t<\/a>\n\t\t\t\t<img loading=\"lazy\" decoding=\"async\" src=\"https:\/\/datatek.ai\/wp-content\/uploads\/2023\/11\/datatek_logo_s-03-150x150.png\" alt=\"datatek_logo_s-03\" itemprop=\"image\" height=\"150\" width=\"150\" title=\"datatek_logo_s-03\" onerror=\"this.style.display='none'\"  \/>\n<h2>\n\t\tUn gain de temps et une pr\u00e9cision in\u00e9gal\u00e9e\n\t<\/h2>\n\t\t\t\t<img loading=\"lazy\" decoding=\"async\" src=\"https:\/\/datatek.ai\/wp-content\/uploads\/bb-plugin\/cache\/techny-textbook-notepad-and-pencil-300x300-circle-88f58b83bb84c1d3ff03dc8196d5ef0e-.png\" alt=\"techny-textbook-notepad-and-pencil\" itemprop=\"image\" height=\"300\" width=\"300\" title=\"techny-textbook-notepad-and-pencil\" onerror=\"this.style.display='none'\"  \/>\n<h3>Vos documents<\/h3>\t\t\n\t\t\t<p>Votre base documentaire est stock\u00e9e dans nos serveurs s\u00e9curis\u00e9s en Europe, en accord avec les standards de s\u00e9curit\u00e9 en vigueur.<\/p>\n\t\t\t\t<img loading=\"lazy\" decoding=\"async\" src=\"https:\/\/datatek.ai\/wp-content\/uploads\/bb-plugin\/cache\/techny-artificial-intelligence-on-tablet-screen-300x300-circle-061cd5c9193078483b109dd6075507d1-.png\" alt=\"techny-artificial-intelligence-on-tablet-screen\" itemprop=\"image\" height=\"300\" width=\"300\" title=\"techny-artificial-intelligence-on-tablet-screen\" onerror=\"this.style.display='none'\"  \/>\n<h3>Nos  algorithmes<\/h3>\t\t\n\t\t\t<p>Notre intelligence artificielle analyse votre base documentaire pour construire un r\u00e9seau neuronal personnalis\u00e9 et totalement priv\u00e9.<\/p>\n\t\t\t\t<img loading=\"lazy\" decoding=\"async\" src=\"https:\/\/datatek.ai\/wp-content\/uploads\/bb-plugin\/cache\/techny-support-chat-300x300-circle-84c6c45509b38545b4e2ce5c412c9364-.png\" alt=\"techny-support-chat\" itemprop=\"image\" height=\"300\" width=\"300\" title=\"techny-support-chat\" onerror=\"this.style.display='none'\"  \/>\n<h3>Votre outil IA<\/h3>\t\t\n\t\t\t<p>Questionnez directement votre base documentaire pour mieux la comprendre, pour trouver rapidement une information, pour r\u00e9sumer, synth\u00e9tiser, r\u00e9soudre.<\/p>\n<h2>\n\t\tFonctionnalit\u00e9s Cl\u00e9s\n\t<\/h2>\n\t\t\t\t\t\t\t\t<a href=\"https:\/\/datatek.ai\/index.php\/contact\/\" target=\"_self\" rel=\"noopener\">\n\t\t\t\t\t\t<\/a>\n\t<h3><a href=\"https:\/\/datatek.ai\/index.php\/contact\/\" target=\"_self\" rel=\"noopener\">Recherche Intelligente<\/a><\/h3>\t\t\n\t\t\t<p>Trouvez instantan\u00e9ment les informations souhait\u00e9es.<\/p>\n\t\t\t<a href=\"https:\/\/datatek.ai\/index.php\/contact\/\" target=\"_self\" rel=\"noopener\">\n\t\t\t\t\t\t\tPlus d&rsquo;info\n\t\t\t\t\t<\/a>\n\t\t\t\t\t\t\t\t<a href=\"https:\/\/datatek.ai\/index.php\/contact\/\" target=\"_self\" rel=\"noopener\">\n\t\t\t\t\t\t<\/a>\n\t<h3><a href=\"https:\/\/datatek.ai\/index.php\/contact\/\" target=\"_self\" rel=\"noopener\">Int\u00e9gration Simple<\/a><\/h3>\t\t\n\t\t\t<p>Compatible avec vos syst\u00e8mes existants.<\/p>\n\t\t\t<a href=\"https:\/\/datatek.ai\/index.php\/contact\/\" target=\"_self\" rel=\"noopener\">\n\t\t\t\t\t\t\tEn savoir plus\n\t\t\t\t\t<\/a>\n\t\t\t\t\t\t\t\t<a href=\"https:\/\/datatek.ai\/index.php\/contact\/\" target=\"_self\" rel=\"noopener\">\n\t\t\t\t\t\t<\/a>\n\t<h3><a href=\"https:\/\/datatek.ai\/index.php\/contact\/\" target=\"_self\" rel=\"noopener\">S\u00e9curit\u00e9 Renforc\u00e9e<\/a><\/h3>\t\t\n\t\t\t<p>Vos informations confidentielles sont prot\u00e9g\u00e9es sur nos serveurs europ\u00e9ens.<\/p>\n\t\t\t<a href=\"https:\/\/datatek.ai\/index.php\/contact\/\" target=\"_self\" rel=\"noopener\">\n\t\t\t\t\t\t\tObtenir + d&rsquo;info\n\t\t\t\t\t<\/a>\n\t\t\t\t\t\t\t\t<a href=\"https:\/\/datatek.ai\/index.php\/contact\/\" target=\"_self\" rel=\"noopener\">\n\t\t\t\t\t\t<\/a>\n\t<h3><a href=\"https:\/\/datatek.ai\/index.php\/contact\/\" target=\"_self\" rel=\"noopener\">Disponible en permanence<\/a><\/h3>\t\t\n\t\t\t<p>Acc\u00e9dez par une connexion s\u00e9curis\u00e9e \u00e0 votre outil IA, pour vous et votre \u00e9quipe.<\/p>\n\t\t\t<a href=\"https:\/\/datatek.ai\/index.php\/contact\/\" target=\"_self\" rel=\"noopener\">\n\t\t\t\t\t\t\tDevis gratuit\n\t\t\t\t\t<\/a>\n\t\t\t\t\t\t\t\t<a href=\"https:\/\/datatek.ai\/index.php\/contact\/\" target=\"_self\" rel=\"noopener\">\n\t\t\t\t\t\t<\/a>\n\t<h3><a href=\"https:\/\/datatek.ai\/index.php\/contact\/\" target=\"_self\" rel=\"noopener\">Formation personnalis\u00e9e<\/a><\/h3>\t\t\n\t\t\t<p>Nous adaptons notre formation \u00e0 la prise en main de l&rsquo;outil par vos \u00e9quipes.<\/p>\n\t\t\t<a href=\"https:\/\/datatek.ai\/index.php\/contact\/\" target=\"_self\" rel=\"noopener\">\n\t\t\t\t\t\t\tContactez-nous\n\t\t\t\t\t<\/a>\n<h2>\n\t\tUne r\u00e9ponse rapide et sourc\u00e9e\n\t<\/h2>\n\t\t\t\t<img loading=\"lazy\" decoding=\"async\" src=\"https:\/\/datatek.ai\/wp-content\/uploads\/2023\/11\/Capture_-01-2.png\" alt=\"Capture_-01\" itemprop=\"image\" height=\"2221\" width=\"4538\" title=\"Capture_-01\" onerror=\"this.style.display='none'\"  \/>\n\t\t\t<a href=\"https:\/\/datatek.ai\/index.php\/contact\/\" target=\"_self\" rel=\"noopener\">\n\t\t\t\t\t\t\tObtenez une d\u00e9monstration gratuite avec vos documents\n\t\t\t<\/a>\n<h2>\n\t\tAvanc\u00e9es Strat\u00e9giques Essentielles\n\t<\/h2>\n\t\t\t\t\t\t\t\t<a href=\"https:\/\/datatek.ai\/index.php\/contact\/\" target=\"_self\" rel=\"noopener\">\n\t\t\t\t\t\t<\/a>\n\t<h3><a href=\"https:\/\/datatek.ai\/index.php\/contact\/\" target=\"_self\" rel=\"noopener\">Effort R\u00e9duit<\/a><\/h3>\t\t\n\t\t\t<p>Simplifiez les t\u00e2ches quotidiennes de recherche documentaire.<\/p>\n\t\t\t<a href=\"https:\/\/datatek.ai\/index.php\/contact\/\" target=\"_self\" rel=\"noopener\">\n\t\t\t\t\t\t\tSimplifiez la recherche\n\t\t\t\t\t<\/a>\n\t\t\t\t\t\t\t\t<a href=\"https:\/\/datatek.ai\/index.php\/contact\/\" target=\"_self\" rel=\"noopener\">\n\t\t\t\t\t\t<\/a>\n\t<h3><a href=\"https:\/\/datatek.ai\/index.php\/contact\/\" target=\"_self\" rel=\"noopener\">Gestion Intuitive<\/a><\/h3>\t\t\n\t\t\t<p>Trouvez facilement l&rsquo;information que recherch\u00e9e et comprenez-en le sens gr\u00e2ce \u00e0 la r\u00e9ponse de l&rsquo;IA.<\/p>\n\t\t\t<a href=\"https:\/\/datatek.ai\/index.php\/contact\/\" target=\"_self\" rel=\"noopener\">\n\t\t\t\t\t\t\tMeilleure compr\u00e9hension\n\t\t\t\t\t<\/a>\n\t\t\t\t\t\t\t\t<a href=\"https:\/\/datatek.ai\/index.php\/contact\/\" target=\"_self\" rel=\"noopener\">\n\t\t\t\t\t\t<\/a>\n\t<h3><a href=\"https:\/\/datatek.ai\/index.php\/contact\/\" target=\"_self\" rel=\"noopener\">S\u00e9curit\u00e9 Assur\u00e9e<\/a><\/h3>\t\t\n\t\t\tConnexion s\u00e9curis\u00e9e<br \/>\net stockage confidentiel.\n\t\t\t<a href=\"https:\/\/datatek.ai\/index.php\/contact\/\" target=\"_self\" rel=\"noopener\">\n\t\t\t\t\t\t\tDonn\u00e9es s\u00e9curis\u00e9es\n\t\t\t\t\t<\/a>\n<h1>\n\t\tQuestions fr\u00e9quentes\n\t<\/h1>\n\t\t\t\t\t<a href=\"javascript:void(0);\" id=\"fl-accordion--label-0\" tabindex=\"0\" aria-controls=\"fl-accordion--panel-0\">Qu&rsquo;est-ce que l&rsquo;outil de Chat IA de Datatek et comment peut-il transformer ma gestion documentaire ?<\/a>\n\t\t\t\t\t\t\t\t\t\t\t<a href=\"#\" id=\"fl-accordion--icon-0\" tabindex=\"-1\" aria-controls=\"fl-accordion--panel-0\"><i>Expand<\/i><\/a>\n\t\t\t\t\t<p>Notre outil de Chat IA utilise des algorithmes avanc\u00e9s pour interagir intuitivement avec une large gamme de documents, vous permettant de trouver rapidement les informations n\u00e9cessaires et d&rsquo;am\u00e9liorer l&rsquo;efficacit\u00e9 et la collaboration au sein de votre organisation.<\/p>\n\t\t\t\t\t<a href=\"javascript:void(0);\" id=\"fl-accordion--label-1\" tabindex=\"0\" aria-controls=\"fl-accordion--panel-1\">Comment fonctionne la Recherche Intelligente dans votre outil ?<\/a>\n\t\t\t\t\t\t\t\t\t\t\t<a href=\"#\" id=\"fl-accordion--icon-1\" tabindex=\"-1\" aria-controls=\"fl-accordion--panel-1\"><i>Expand<\/i><\/a>\n\t\t\t\t\t<p>La Recherche Intelligente vous permet de trouver instantan\u00e9ment les informations souhait\u00e9es dans vos documents, rendant la navigation et l&rsquo;exploitation des donn\u00e9es plus rapide et plus intuitive.<\/p>\n\t\t\t\t\t<a href=\"javascript:void(0);\" id=\"fl-accordion--label-2\" tabindex=\"0\" aria-controls=\"fl-accordion--panel-2\">L&rsquo;outil de Chat IA est-il compatible avec mes syst\u00e8mes existants ?<\/a>\n\t\t\t\t\t\t\t\t\t\t\t<a href=\"#\" id=\"fl-accordion--icon-2\" tabindex=\"-1\" aria-controls=\"fl-accordion--panel-2\"><i>Expand<\/i><\/a>\n\t\t\t\t\t<p>Oui, notre outil est con\u00e7u pour une int\u00e9gration simple et est compatible avec de nombreux syst\u00e8mes existants pour assurer une transition fluide.<\/p>\n\t\t\t\t\t<a href=\"javascript:void(0);\" id=\"fl-accordion--label-3\" tabindex=\"0\" aria-controls=\"fl-accordion--panel-3\">Comment Datatek garantit-il la s\u00e9curit\u00e9 de mes informations confidentielles ?<\/a>\n\t\t\t\t\t\t\t\t\t\t\t<a href=\"#\" id=\"fl-accordion--icon-3\" tabindex=\"-1\" aria-controls=\"fl-accordion--panel-3\"><i>Expand<\/i><\/a>\n\t\t\t\t\t<p>La s\u00e9curit\u00e9 est une priorit\u00e9 absolue chez Datatek. Vos informations sont prot\u00e9g\u00e9es sur nos serveurs europ\u00e9ens, offrant une s\u00e9curit\u00e9 renforc\u00e9e pour vos donn\u00e9es confidentielles.<\/p>\n\t\t\t\t\t<a href=\"javascript:void(0);\" id=\"fl-accordion--label-4\" tabindex=\"0\" aria-controls=\"fl-accordion--panel-4\">Quel type de support Datatek offre-t-il \u00e0 ses clients ?<\/a>\n\t\t\t\t\t\t\t\t\t\t\t<a href=\"#\" id=\"fl-accordion--icon-4\" tabindex=\"-1\" aria-controls=\"fl-accordion--panel-4\"><i>Expand<\/i><\/a>\n\t\t\t\t\t<p>Nous offrons un support continu \u00e0 nos clients. Notre \u00e9quipe est toujours disponible pour aider et r\u00e9pondre \u00e0 vos questions.<\/p>\n\t\t\t\t\t<a href=\"javascript:void(0);\" id=\"fl-accordion--label-5\" tabindex=\"0\" aria-controls=\"fl-accordion--panel-5\">Proposez-vous une formation pour utiliser votre outil de Chat IA ?<\/a>\n\t\t\t\t\t\t\t\t\t\t\t<a href=\"#\" id=\"fl-accordion--icon-5\" tabindex=\"-1\" aria-controls=\"fl-accordion--panel-5\"><i>Expand<\/i><\/a>\n\t\t\t\t\t<p>Oui, nous offrons une formation personnalis\u00e9e adapt\u00e9e \u00e0 la prise en main de l&rsquo;outil par vos \u00e9quipes pour garantir une utilisation optimale.<\/p>\n\t\t\t\t\t<a href=\"javascript:void(0);\" id=\"fl-accordion--label-6\" tabindex=\"0\" aria-controls=\"fl-accordion--panel-6\">Comment puis-je obtenir une d\u00e9monstration gratuite de l&rsquo;outil avec mes propres documents ?<\/a>\n\t\t\t\t\t\t\t\t\t\t\t<a href=\"#\" id=\"fl-accordion--icon-6\" tabindex=\"-1\" aria-controls=\"fl-accordion--panel-6\"><i>Expand<\/i><\/a>\n\t\t\t\t\t<p>Pour obtenir une d\u00e9monstration gratuite, <strong><a href=\"https:\/\/datatek.ai\/index.php\/contact\/\">contactez-nous<\/a><\/strong> directement via notre site web. Nous vous montrerons comment l&rsquo;outil fonctionne sp\u00e9cifiquement avec vos documents.<\/p>\n\t\t\t\t\t<a href=\"javascript:void(0);\" id=\"fl-accordion--label-7\" tabindex=\"0\" aria-controls=\"fl-accordion--panel-7\">Quelle est la particularit\u00e9 de l&rsquo;interface de l&rsquo;outil de Chat IA de Datatek ?<\/a>\n\t\t\t\t\t\t\t\t\t\t\t<a href=\"#\" id=\"fl-accordion--icon-7\" tabindex=\"-1\" aria-controls=\"fl-accordion--panel-7\"><i>Expand<\/i><\/a>\n\t\t\t\t\t<p>L&rsquo;interface de notre outil est con\u00e7ue pour \u00eatre claire et efficace, facilitant ainsi la navigation et l&rsquo;interaction avec vos documents.<\/p>\n\t\t\t\t\t<a href=\"javascript:void(0);\" id=\"fl-accordion--label-8\" tabindex=\"0\" aria-controls=\"fl-accordion--panel-8\">O\u00f9 puis-je trouver plus d&rsquo;informations sur les fonctionnalit\u00e9s sp\u00e9cifiques de l&rsquo;outil ?<\/a>\n\t\t\t\t\t\t\t\t\t\t\t<a href=\"#\" id=\"fl-accordion--icon-8\" tabindex=\"-1\" aria-controls=\"fl-accordion--panel-8\"><i>Expand<\/i><\/a>\n\t\t\t\t\t<p>Vous pouvez obtenir plus d&rsquo;informations sur notre site web ou en <strong><a href=\"https:\/\/datatek.ai\/index.php\/contact\/\">contactant directement notre \u00e9quipe<\/a><\/strong>. Nous sommes toujours disponibles pour r\u00e9pondre \u00e0 vos questions et vous fournir des informations d\u00e9taill\u00e9es.<\/p>\n\t<p>Vous avez d&rsquo;autres questions ? <strong><a href=\"https:\/\/datatek.ai\/index.php\/contact\/\">Contactez-nous<\/a><\/strong> pour plus d&rsquo;informations sur notre solution.<\/p>\n\t\t\t<a href=\"https:\/\/datatek.ai\/index.php\/contact\/\" target=\"_self\" rel=\"noopener\">\n\t\t\t\t\t\t\tObtenez une d\u00e9monstration gratuite avec vos documents\n\t\t\t<\/a>\n\t\t\t\t<img loading=\"lazy\" decoding=\"async\" src=\"https:\/\/datatek.ai\/wp-content\/uploads\/2023\/11\/Flag_of_France_1794-1815_1830-1974.svg_.png\" alt=\"Flag_of_France_(1794-1815,_1830-1974).svg\" itemprop=\"image\" height=\"150\" width=\"225\" title=\"Flag_of_France_(1794-1815,_1830-1974).svg\" onerror=\"this.style.display='none'\"  \/>\n\t\t<h3>Une ing\u00e9nierie 100% fran\u00e7aise !<\/h3>\t\t\n\t\t\t<p><em>Nous sommes bas\u00e9s en France. Notre ing\u00e9nierie est 100% locale. Nous avons les m\u00eames horaires de travail que votre \u00e9quipe. Notre recherche permanente d&rsquo;efficacit\u00e9 et de satisfaction client nous conduisent \u00e0 donner le meilleur, pour votre succ\u00e8s !<\/em><\/p>\n\t\t\t\t<a href=\"https:\/\/datatek.ai\/index.php\/contact\/\" target=\"_self\" itemprop=\"url\" rel=\"noopener\">\n\t\t\t\t<img loading=\"lazy\" decoding=\"async\" src=\"https:\/\/datatek.ai\/wp-content\/uploads\/2023\/11\/datatek_logo-02-300x82.png\" alt=\"datatek_logo-02\" itemprop=\"image\" height=\"82\" width=\"300\" title=\"datatek_logo-02\" onerror=\"this.style.display='none'\"  \/>\n\t\t\t\t<\/a>\n\t<p>2026 Datatek.ai<\/p>\n\n","protected":false},"excerpt":{"rendered":"<p>L&rsquo;IA qui dialogue avec vos documents L&rsquo;intelligence artificielle au service de votre communication interne Obtenir une d\u00e9monstration gratuite avec vos documents Un gain de temps et une pr\u00e9cision in\u00e9gal\u00e9e Vos documents Votre base documentaire est stock\u00e9e dans nos serveurs s\u00e9curis\u00e9s en Europe, en accord avec les standards de s\u00e9curit\u00e9 en vigueur. Nos algorithmes Notre intelligence [&hellip;]<\/p>\n","protected":false},"author":1,"featured_media":34,"parent":0,"menu_order":0,"comment_status":"closed","ping_status":"closed","template":"","meta":{"footnotes":""},"_links":{"self":[{"href":"https:\/\/datatek.ai\/index.php\/wp-json\/wp\/v2\/pages\/11"}],"collection":[{"href":"https:\/\/datatek.ai\/index.php\/wp-json\/wp\/v2\/pages"}],"about":[{"href":"https:\/\/datatek.ai\/index.php\/wp-json\/wp\/v2\/types\/page"}],"author":[{"embeddable":true,"href":"https:\/\/datatek.ai\/index.php\/wp-json\/wp\/v2\/users\/1"}],"replies":[{"embeddable":true,"href":"https:\/\/datatek.ai\/index.php\/wp-json\/wp\/v2\/comments?post=11"}],"version-history":[{"count":42,"href":"https:\/\/datatek.ai\/index.php\/wp-json\/wp\/v2\/pages\/11\/revisions"}],"predecessor-version":[{"id":126,"href":"https:\/\/datatek.ai\/index.php\/wp-json\/wp\/v2\/pages\/11\/revisions\/126"}],"wp:featuredmedia":[{"embeddable":true,"href":"https:\/\/datatek.ai\/index.php\/wp-json\/wp\/v2\/media\/34"}],"wp:attachment":[{"href":"https:\/\/datatek.ai\/index.php\/wp-json\/wp\/v2\/media?parent=11"}],"curies":[{"name":"wp","href":"https:\/\/api.w.org\/{rel}","templated":true}]}}